{"id":1959,"date":"2024-04-25T12:39:14","date_gmt":"2024-04-25T10:39:14","guid":{"rendered":"https:\/\/alquilermaquinas.es\/home\/"},"modified":"2024-05-02T10:59:08","modified_gmt":"2024-05-02T08:59:08","slug":"home","status":"publish","type":"page","link":"https:\/\/alquilermaquinas.es\/es\/","title":{"rendered":"Home"},"content":{"rendered":"<p>[et_pb_section fb_built=\u00bb1&#8243; fullwidth=\u00bbon\u00bb admin_label=\u00bbSectie\u00bb _builder_version=\u00bb4.22.0&#8243; _module_preset=\u00bbdefault\u00bb background_color=\u00bbRGBA(255,255,255,0)\u00bb use_background_color_gradient=\u00bbon\u00bb background_color_gradient_stops=\u00bbrgba(255,255,255,0) 40%|rgba(30,13,6,0.69) 98%\u00bb background_color_gradient_overlays_image=\u00bbon\u00bb background_image=\u00bbhttps:\/\/alquilermaquinas.es\/wp-content\/uploads\/2024\/04\/mountain-highway.webp\u00bb custom_padding=\u00bb2%||4%||false|false\u00bb locked=\u00bboff\u00bb global_colors_info=\u00bb{}\u00bb][et_pb_fullwidth_header title=\u00bbHS Remolques y excavadoras\u00bb subhead=\u00bbPara un alquiler seguro y fiable de remolques y excavadoras\u00bb title_tablet=\u00bbHS Remolques y excavadoras\u00bb title_phone=\u00bbHS Remolques y excavadoras\u00bb title_last_edited=\u00bbon|tablet\u00bb _builder_version=\u00bb4.22.1&#8243; _module_preset=\u00bbdefault\u00bb title_font=\u00bbPoppins|700|||||||\u00bb title_text_align=\u00bbcenter\u00bb title_font_size=\u00bb50px\u00bb title_line_height=\u00bb2em\u00bb subhead_font=\u00bbPoppins|600|||||||\u00bb subhead_text_align=\u00bbcenter\u00bb subhead_font_size=\u00bb20px\u00bb subhead_letter_spacing=\u00bb1px\u00bb subhead_line_height=\u00bb2em\u00bb background_color=\u00bbRGBA(255,255,255,0)\u00bb module_alignment=\u00bbcenter\u00bb custom_padding=\u00bb|0px||0px|false|false\u00bb title_font_size_tablet=\u00bb40px\u00bb title_font_size_phone=\u00bb26px\u00bb title_font_size_last_edited=\u00bbon|phone\u00bb title_line_height_tablet=\u00bb1.5em\u00bb title_line_height_phone=\u00bb1.2em\u00bb title_line_height_last_edited=\u00bbon|phone\u00bb subhead_font_size_tablet=\u00bb20px\u00bb subhead_font_size_phone=\u00bb18px\u00bb subhead_font_size_last_edited=\u00bbon|tablet\u00bb subhead_line_height_tablet=\u00bb2em\u00bb subhead_line_height_phone=\u00bb1.5em\u00bb subhead_line_height_last_edited=\u00bbon|phone\u00bb global_colors_info=\u00bb{}\u00bb][\/et_pb_fullwidth_header][\/et_pb_section][et_pb_section fb_built=\u00bb1&#8243; custom_padding_last_edited=\u00bbon|phone\u00bb _builder_version=\u00bb4.22.0&#8243; _module_preset=\u00bbdefault\u00bb custom_margin=\u00bb||||false|false\u00bb custom_margin_tablet=\u00bb||||false|false\u00bb custom_margin_phone=\u00bb||||false|false\u00bb custom_margin_last_edited=\u00bbon|desktop\u00bb custom_padding=\u00bb0px||0px||false|false\u00bb custom_padding_tablet=\u00bb0px||0px||false|false\u00bb custom_padding_phone=\u00bb||0px||false|false\u00bb locked=\u00bboff\u00bb global_colors_info=\u00bb{}\u00bb][et_pb_row custom_padding_last_edited=\u00bbon|phone\u00bb _builder_version=\u00bb4.24.3&#8243; _module_preset=\u00bbdefault\u00bb width=\u00bb100%\u00bb max_width=\u00bb100%\u00bb custom_margin=\u00bb0px|auto||auto||\u00bb custom_margin_tablet=\u00bb0px|auto||auto||\u00bb custom_margin_phone=\u00bb0px|auto||auto||\u00bb custom_margin_last_edited=\u00bbon|tablet\u00bb custom_padding=\u00bb||0px||false|false\u00bb custom_padding_tablet=\u00bb|20px||20px|false|true\u00bb custom_padding_phone=\u00bb|10px|0px|10px|false|true\u00bb global_colors_info=\u00bb{}\u00bb][et_pb_column type=\u00bb4_4&#8243; _builder_version=\u00bb4.22.0&#8243; _module_preset=\u00bbdefault\u00bb global_colors_info=\u00bb{}\u00bb][et_pb_text admin_label=\u00bbIntro Tekst\u00bb _builder_version=\u00bb4.25.0&#8243; _module_preset=\u00bbdefault\u00bb text_font=\u00bbPoppins|300|||||||\u00bb text_font_size=\u00bb18px\u00bb header_font=\u00bbMontserrat|700|||||||\u00bb header_text_align=\u00bbcenter\u00bb header_line_height=\u00bb2.1em\u00bb text_orientation=\u00bbcenter\u00bb width=\u00bb67%\u00bb module_alignment=\u00bbcenter\u00bb custom_margin=\u00bb0px||0px||true|false\u00bb custom_padding=\u00bb||||false|true\u00bb hover_enabled=\u00bb0&#8243; text_font_size_tablet=\u00bb18px\u00bb text_font_size_phone=\u00bb17px\u00bb text_font_size_last_edited=\u00bbon|phone\u00bb header_font_size_tablet=\u00bb\u00bb header_font_size_phone=\u00bb24px\u00bb header_font_size_last_edited=\u00bbon|phone\u00bb header_line_height_tablet=\u00bb1.8em\u00bb header_line_height_phone=\u00bb1.6em\u00bb header_line_height_last_edited=\u00bbon|desktop\u00bb text_orientation_tablet=\u00bbcenter\u00bb text_orientation_phone=\u00bbjustified\u00bb text_orientation_last_edited=\u00bbon|phone\u00bb global_colors_info=\u00bb{}\u00bb sticky_enabled=\u00bb0&#8243;]<\/p>\n<h1>Bienvenido a HS Remolques y Excavadoras<\/h1>\n<p>\u00bfBuscas soluciones fiables para trabajos de transporte y excavaci\u00f3n? Entonces Remolques y Excavadoras HS es tu destino. Situados en Cases Juan Blanco, justo al norte de \u00dabeda, ofrecemos alquiler de remolques y miniexcavadoras de alta calidad. Con nuestra variada flota de m\u00e1quinas, nos esforzamos por alcanzar la excelencia para que sus proyectos se desarrollen sin problemas y con \u00e9xito.[\/et_pb_text][et_pb_text admin_label=\u00bbOnze Collectie\u00bb module_id=\u00bbcollectie\u00bb _builder_version=\u00bb4.22.1&#8243; _module_preset=\u00bbdefault\u00bb header_2_font=\u00bbMontserrat|600|||||||\u00bb header_2_text_align=\u00bbcenter\u00bb header_2_font_size=\u00bb30px\u00bb custom_margin=\u00bb40px||0px||false|false\u00bb custom_padding=\u00bb||15px|||\u00bb global_colors_info=\u00bb{}\u00bb]<\/p>\n<h2>Nuestra colecci\u00f3n<\/h2>\n<p>[\/et_pb_text][et_pb_shop columns_number=\u00bb3&#8243; icon_hover_color=\u00bbRGBA(255,255,255,0)\u00bb hover_overlay_color=\u00bbRGBA(255,255,255,0)\u00bb _builder_version=\u00bb4.24.3&#8243; _module_preset=\u00bbdefault\u00bb title_font=\u00bbMontserrat|900|||||||\u00bb title_text_align=\u00bbcenter\u00bb title_text_color=\u00bb#FFFFFF\u00bb title_font_size=\u00bb20px\u00bb title_letter_spacing=\u00bb1px\u00bb price_font=\u00bbMontserrat|800|||||||\u00bb price_text_align=\u00bbcenter\u00bb price_text_color=\u00bb#FFFFFF\u00bb price_font_size=\u00bb18px\u00bb width=\u00bb70%\u00bb width_tablet=\u00bb90%\u00bb width_phone=\u00bb90%\u00bb width_last_edited=\u00bbon|tablet\u00bb max_width=\u00bb100%\u00bb module_alignment=\u00bbcenter\u00bb title_font_size_tablet=\u00bb18px\u00bb title_font_size_phone=\u00bb16px\u00bb title_font_size_last_edited=\u00bbon|phone\u00bb global_colors_info=\u00bb{}\u00bb][\/et_pb_shop][et_pb_code admin_label=\u00bbCSS Hoover Effect\u00bb _builder_version=\u00bb4.25.0&#8243; _module_preset=\u00bbdefault\u00bb global_colors_info=\u00bb{}\u00bb]<\/p>\n<style><!-- [et_pb_line_break_holder] -->\/* Base styles for image and overlay *\/<!-- [et_pb_line_break_holder] -->.woocommerce ul.products li.product .et_shop_image {<!-- [et_pb_line_break_holder] -->    position: relative;<!-- [et_pb_line_break_holder] -->    overflow: hidden;<!-- [et_pb_line_break_holder] -->}<!-- [et_pb_line_break_holder] --><!-- [et_pb_line_break_holder] -->.woocommerce ul.products li.product .et_shop_image img {<!-- [et_pb_line_break_holder] -->    margin: 0 !important;<!-- [et_pb_line_break_holder] -->    transition: transform 0.8s ease;<!-- [et_pb_line_break_holder] -->    transform: scale(1.30); \/* Start at a zoomed-in state *\/<!-- [et_pb_line_break_holder] -->}<!-- [et_pb_line_break_holder] --><!-- [et_pb_line_break_holder] -->.woocommerce ul.products li.product .et_shop_image .et_overlay {<!-- [et_pb_line_break_holder] -->    position: absolute;<!-- [et_pb_line_break_holder] -->    top: 0;<!-- [et_pb_line_break_holder] -->    left: 0;<!-- [et_pb_line_break_holder] -->    width: 100%;<!-- [et_pb_line_break_holder] -->    height: 100%;<!-- [et_pb_line_break_holder] -->    background-color: rgba(0, 0, 0, 0.3)!important;<!-- [et_pb_line_break_holder] -->    display: flex;<!-- [et_pb_line_break_holder] -->    flex-direction: column;<!-- [et_pb_line_break_holder] -->    justify-content: center;<!-- [et_pb_line_break_holder] -->    align-items: center;<!-- [et_pb_line_break_holder] -->    z-index: 3;<!-- [et_pb_line_break_holder] -->    opacity: 1; <!-- [et_pb_line_break_holder] -->}<!-- [et_pb_line_break_holder] --><!-- [et_pb_line_break_holder] -->\/* Initial state of title and price *\/<!-- [et_pb_line_break_holder] -->.woocommerce ul.products li.product .et_overlay .woocommerce-loop-product__title,<!-- [et_pb_line_break_holder] -->.woocommerce ul.products li.product .et_overlay .price {<!-- [et_pb_line_break_holder] -->  transition: transform 0.4s ease-out;<!-- [et_pb_line_break_holder] -->}<!-- [et_pb_line_break_holder] --><!-- [et_pb_line_break_holder] -->\/* Image zoom effect *\/<!-- [et_pb_line_break_holder] -->.woocommerce ul.products li.product:hover .et_shop_image img {<!-- [et_pb_line_break_holder] -->    transform: scale(1.0); \/* Return to original size on hover *\/<!-- [et_pb_line_break_holder] -->}<!-- [et_pb_line_break_holder] --><!-- [et_pb_line_break_holder] -->\/* Hide overlay on hover *\/<!-- [et_pb_line_break_holder] -->.woocommerce ul.products li.product:hover .et_shop_image .et_overlay {<!-- [et_pb_line_break_holder] -->    opacity: 0; \/* Hide on hover *\/<!-- [et_pb_line_break_holder] -->}<!-- [et_pb_line_break_holder] --><!-- [et_pb_line_break_holder] --><\/style>\n<p>[\/et_pb_code][et_pb_code admin_label=\u00bbjQuery Hoover Effect\u00bb _builder_version=\u00bb4.25.0&#8243; _module_preset=\u00bbdefault\u00bb global_colors_info=\u00bb{}\u00bb]<script><!-- [et_pb_line_break_holder] -->jQuery(document).ready(function($) {<!-- [et_pb_line_break_holder] -->    \/\/ Iterate over each product in the list<!-- [et_pb_line_break_holder] -->    $('.woocommerce ul.products li.product').each(function() {<!-- [et_pb_line_break_holder] -->        var $this = $(this);<!-- [et_pb_line_break_holder] -->        var imgContainer = $this.find('.et_shop_image');<!-- [et_pb_line_break_holder] --><!-- [et_pb_line_break_holder] -->        \/\/ Check if the overlay exists, if not, create it<!-- [et_pb_line_break_holder] -->        if (imgContainer.find('.et_overlay').length === 0) {<!-- [et_pb_line_break_holder] -->            imgContainer.append('<\/p>\n<div class=\"et_overlay\"\/>');<!-- [et_pb_line_break_holder] -->        }<!-- [et_pb_line_break_holder] --><!-- [et_pb_line_break_holder] -->        \/\/ Get the overlay div<!-- [et_pb_line_break_holder] -->        var overlay = imgContainer.find('.et_overlay');<!-- [et_pb_line_break_holder] --><!-- [et_pb_line_break_holder] -->        \/\/ Detach title and price and append them to the overlay<!-- [et_pb_line_break_holder] -->        var title = $this.find('.woocommerce-loop-product__title').detach();<!-- [et_pb_line_break_holder] -->        var price = $this.find('.price').detach();<!-- [et_pb_line_break_holder] -->        overlay.append(title).append(price);<!-- [et_pb_line_break_holder] --><!-- [et_pb_line_break_holder] -->        \/\/ Make sure the overlay is visible<!-- [et_pb_line_break_holder] -->        overlay.show();<!-- [et_pb_line_break_holder] --><!-- [et_pb_line_break_holder] -->        \/\/ Animation triggered on hover<!-- [et_pb_line_break_holder] -->        $this.hover(<!-- [et_pb_line_break_holder] -->            function() { \/\/ Mouse enter<!-- [et_pb_line_break_holder] -->                \/\/ Move product name down first<!-- [et_pb_line_break_holder] -->                overlay.find('.woocommerce-loop-product__title').css({<!-- [et_pb_line_break_holder] -->                    'transition': 'transform 0.4s ease',<!-- [et_pb_line_break_holder] -->                    'transform': 'translateY(600%)'<!-- [et_pb_line_break_holder] -->                });<!-- [et_pb_line_break_holder] --><!-- [et_pb_line_break_holder] -->                \/\/ Move price down after a delay<!-- [et_pb_line_break_holder] -->                setTimeout(function() {<!-- [et_pb_line_break_holder] -->                    overlay.find('.price').css({<!-- [et_pb_line_break_holder] -->                        'transition': 'transform 0.4s ease',<!-- [et_pb_line_break_holder] -->                        'transform': 'translateY(600%)'<!-- [et_pb_line_break_holder] -->                    });<!-- [et_pb_line_break_holder] -->                }, 100); \/\/ Delay in milliseconds<!-- [et_pb_line_break_holder] -->            },<!-- [et_pb_line_break_holder] -->            function() { \/\/ Mouse leave<!-- [et_pb_line_break_holder] -->                \/\/ Move price up first<!-- [et_pb_line_break_holder] -->                overlay.find('.woocommerce-loop-product__title').css({<!-- [et_pb_line_break_holder] -->                    'transition': 'transform 0.5s ease',<!-- [et_pb_line_break_holder] -->                    'transform': 'translateY(0)'<!-- [et_pb_line_break_holder] -->                });<!-- [et_pb_line_break_holder] --><!-- [et_pb_line_break_holder] -->                \/\/ Move product name up after a delay<!-- [et_pb_line_break_holder] -->                setTimeout(function() {<!-- [et_pb_line_break_holder] -->                  overlay.find('.price').css({<!-- [et_pb_line_break_holder] -->                      'transition': 'transform 0.5s ease',<!-- [et_pb_line_break_holder] -->                      'transform': 'translateY(0)'<!-- [et_pb_line_break_holder] -->                    });<!-- [et_pb_line_break_holder] -->                }, 100); \/\/ Delay in milliseconds<!-- [et_pb_line_break_holder] -->            }<!-- [et_pb_line_break_holder] -->        );<!-- [et_pb_line_break_holder] -->    });<!-- [et_pb_line_break_holder] -->});<!-- [et_pb_line_break_holder] --><\/script><!-- [et_pb_line_break_holder] -->[\/et_pb_code][\/et_pb_column][\/et_pb_row][\/et_pb_section]<\/p>\n","protected":false},"excerpt":{"rendered":"<p>Bienvenido a HS Remolques y Excavadoras \u00bfBuscas soluciones fiables para trabajos de transporte y excavaci\u00f3n? Entonces Remolques y Excavadoras HS es tu destino. Situados en Cases Juan Blanco, justo al norte de \u00dabeda, ofrecemos alquiler de remolques y miniexcavadoras de alta calidad. Con nuestra variada flota de m\u00e1quinas, nos esforzamos por alcanzar la excelencia para [&hellip;]<\/p>\n","protected":false},"author":5,"featured_media":0,"parent":0,"menu_order":0,"comment_status":"closed","ping_status":"closed","template":"","meta":{"_et_pb_use_builder":"on","_et_pb_old_content":"","_et_gb_content_width":"","footnotes":""},"class_list":["post-1959","page","type-page","status-publish","hentry"],"_links":{"self":[{"href":"https:\/\/alquilermaquinas.es\/es\/wp-json\/wp\/v2\/pages\/1959","targetHints":{"allow":["GET"]}}],"collection":[{"href":"https:\/\/alquilermaquinas.es\/es\/wp-json\/wp\/v2\/pages"}],"about":[{"href":"https:\/\/alquilermaquinas.es\/es\/wp-json\/wp\/v2\/types\/page"}],"author":[{"embeddable":true,"href":"https:\/\/alquilermaquinas.es\/es\/wp-json\/wp\/v2\/users\/5"}],"replies":[{"embeddable":true,"href":"https:\/\/alquilermaquinas.es\/es\/wp-json\/wp\/v2\/comments?post=1959"}],"version-history":[{"count":0,"href":"https:\/\/alquilermaquinas.es\/es\/wp-json\/wp\/v2\/pages\/1959\/revisions"}],"wp:attachment":[{"href":"https:\/\/alquilermaquinas.es\/es\/wp-json\/wp\/v2\/media?parent=1959"}],"curies":[{"name":"wp","href":"https:\/\/api.w.org\/{rel}","templated":true}]}}